{"id":16,"date":"2020-01-06T13:50:17","date_gmt":"2020-01-06T13:50:17","guid":{"rendered":"https:\/\/webempresawp.webempresa.eu\/foro\/community\/"},"modified":"2021-03-04T23:36:50","modified_gmt":"2021-03-04T23:36:50","slug":"forum","status":"publish","type":"page","link":"https:\/\/www.webempresa.com\/foro\/forum","title":{"rendered":"Forum"},"content":{"rendered":"<p>[et_pb_section fb_built=\u00bb1&#8243; admin_label=\u00bbsection\u00bb _builder_version=\u00bb3.22&#8243;][et_pb_row admin_label=\u00bbrow\u00bb _builder_version=\u00bb3.25&#8243; background_size=\u00bbinitial\u00bb background_position=\u00bbtop_left\u00bb background_repeat=\u00bbrepeat\u00bb][et_pb_column type=\u00bb4_4&#8243; _builder_version=\u00bb3.25&#8243; custom_padding=\u00bb|||\u00bb custom_padding__hover=\u00bb|||\u00bb][et_pb_text admin_label=\u00bbText\u00bb _builder_version=\u00bb3.27.4&#8243; background_size=\u00bbinitial\u00bb background_position=\u00bbtop_left\u00bb background_repeat=\u00bbrepeat\u00bb]<\/p>\n<h1 style=\"text-align: center;\"><strong>Foro de soporte WordPress en Espa\u00f1ol<\/strong><\/h1>\n<p>&nbsp;<\/p>\n<div><img loading=\"lazy\" decoding=\"async\" class=\"alignleft\" src=\"https:\/\/www.webempresa.com\/wp-content\/uploads\/2020\/01\/blogimage-300x254.png\" alt=\"\" width=\"185\" height=\"151\" hspace=\"5\" vspace=\"5\" \/>Soporte WordPress en Espa\u00f1ol Soporte gratuito para webs alojadas en Webempresa.com<br \/>\nHabilitado para todos los clientes con planes de Hosting Alto Rendimiento a partir de 3GB y planes XL.No ofrecemos soporte a webs alojadas en servidores externos o localhost, ni soporte css o programaci\u00f3n.Te recomendamos que leas esta informaci\u00f3n sobre nuestro sistema de soporte en el foro, te ayudar\u00e1 a sacar el m\u00e1ximo partido de nuestro conocimiento: C\u00f3mo podemos ayudarte.<\/div>\n<p>[\/et_pb_text][\/et_pb_column][\/et_pb_row][\/et_pb_section]<\/p>\n","protected":false},"excerpt":{"rendered":"<p>Foro de soporte WordPress en Espa\u00f1ol &nbsp; Soporte WordPress en Espa\u00f1ol Soporte gratuito para webs alojadas en Webempresa.com Habilitado para todos los clientes con planes de Hosting Alto Rendimiento a partir de 3GB y planes XL.No ofrecemos soporte a webs alojadas en servidores externos o localhost, ni soporte css o programaci\u00f3n.Te recomendamos que leas esta [&hellip;]<\/p>\n","protected":false},"author":1,"featured_media":0,"parent":0,"menu_order":0,"comment_status":"closed","ping_status":"closed","template":"","meta":{"_et_pb_use_builder":"on","_et_pb_old_content":"<h1 style=\"text-align: center;\"><strong>Foro de soporte WordPress en Espa\u00f1ol<\/strong><\/h1>\r\n\u00a0\r\n<div><img class=\"alignleft\" src=\"https:\/\/www.webempresa.com\/wp-content\/uploads\/2020\/01\/blogimage-300x254.png\" alt=\"\" width=\"185\" height=\"151\" hspace=\"5\" vspace=\"5\" \/>Soporte WordPress en Espa\u00f1ol Soporte gratuito para webs alojadas en Webempresa.com\r\nHabilitado para todos los clientes con planes de Hosting Alto Rendimiento a partir de 3GB y planes XL.No ofrecemos soporte a webs alojadas en servidores externos o localhost, ni soporte css o programaci\u00f3n.Te recomendamos que leas esta informaci\u00f3n sobre nuestro sistema de soporte en el foro, te ayudar\u00e1 a sacar el m\u00e1ximo partido de nuestro conocimiento: C\u00f3mo podemos ayudarte.<\/div>\r\n[wpforo]","_et_gb_content_width":"","footnotes":""},"class_list":["post-16","page","type-page","status-publish","hentry"],"_links":{"self":[{"href":"https:\/\/www.webempresa.com\/foro\/wp-json\/wp\/v2\/pages\/16","targetHints":{"allow":["GET"]}}],"collection":[{"href":"https:\/\/www.webempresa.com\/foro\/wp-json\/wp\/v2\/pages"}],"about":[{"href":"https:\/\/www.webempresa.com\/foro\/wp-json\/wp\/v2\/types\/page"}],"author":[{"embeddable":true,"href":"https:\/\/www.webempresa.com\/foro\/wp-json\/wp\/v2\/users\/1"}],"replies":[{"embeddable":true,"href":"https:\/\/www.webempresa.com\/foro\/wp-json\/wp\/v2\/comments?post=16"}],"version-history":[{"count":4,"href":"https:\/\/www.webempresa.com\/foro\/wp-json\/wp\/v2\/pages\/16\/revisions"}],"predecessor-version":[{"id":524,"href":"https:\/\/www.webempresa.com\/foro\/wp-json\/wp\/v2\/pages\/16\/revisions\/524"}],"wp:attachment":[{"href":"https:\/\/www.webempresa.com\/foro\/wp-json\/wp\/v2\/media?parent=16"}],"curies":[{"name":"wp","href":"https:\/\/api.w.org\/{rel}","templated":true}]}}